{"id":873,"date":"2023-08-22T06:40:47","date_gmt":"2023-08-22T06:40:47","guid":{"rendered":"https:\/\/ponystar.pl\/?page_id=873"},"modified":"2023-08-28T12:54:49","modified_gmt":"2023-08-28T12:54:49","slug":"pony6","status":"publish","type":"page","link":"https:\/\/ponystar.pl\/index.php\/pony6\/","title":{"rendered":"pony6"},"content":{"rendered":"\t\t<div data-elementor-type=\"wp-page\" data-elementor-id=\"873\" class=\"elementor elementor-873\">\n\t\t\t\t\t\t\t\t\t<section class=\"elementor-section elementor-top-section elementor-element elementor-element-49fdcecf elementor-section-height-min-height elementor-section-boxed elementor-section-height-default elementor-section-items-middle\" data-id=\"49fdcecf\" data-element_type=\"section\" data-settings=\"{&quot;background_background&quot;:&quot;classic&quot;}\">\n\t\t\t\t\t\t<div class=\"elementor-container elementor-column-gap-default\">\n\t\t\t\t\t<div class=\"elementor-column elementor-col-100 elementor-top-column elementor-element elementor-element-b4db8ca\" data-id=\"b4db8ca\" data-element_type=\"column\">\n\t\t\t<div class=\"elementor-widget-wrap elementor-element-populated\">\n\t\t\t\t\t\t\t\t<div class=\"elementor-element elementor-element-c658dcf elementor-widget elementor-widget-heading\" data-id=\"c658dcf\" data-element_type=\"widget\" data-widget_type=\"heading.default\">\n\t\t\t\t<div class=\"elementor-widget-container\">\n\t\t\t<style>\/*! elementor - v3.13.2 - 11-05-2023 *\/\n.elementor-heading-title{padding:0;margin:0;line-height:1}.elementor-widget-heading .elementor-heading-title[class*=elementor-size-]>a{color:inherit;font-size:inherit;line-height:inherit}.elementor-widget-heading .elementor-heading-title.elementor-size-small{font-size:15px}.elementor-widget-heading .elementor-heading-title.elementor-size-medium{font-size:19px}.elementor-widget-heading .elementor-heading-title.elementor-size-large{font-size:29px}.elementor-widget-heading .elementor-heading-title.elementor-size-xl{font-size:39px}.elementor-widget-heading .elementor-heading-title.elementor-size-xxl{font-size:59px}<\/style><h2 class=\"elementor-heading-title elementor-size-default\">Rubin<\/h2>\t\t<\/div>\n\t\t\t\t<\/div>\n\t\t\t\t\t<\/div>\n\t\t<\/div>\n\t\t\t\t\t\t\t<\/div>\n\t\t<\/section>\n\t\t\t\t<section class=\"elementor-section elementor-top-section elementor-element elementor-element-76d967d5 elementor-section-content-middle elementor-section-boxed elementor-section-height-default elementor-section-height-default\" data-id=\"76d967d5\" data-element_type=\"section\">\n\t\t\t\t\t\t<div class=\"elementor-container elementor-column-gap-default\">\n\t\t\t\t\t<div class=\"elementor-column elementor-col-100 elementor-top-column elementor-element elementor-element-6687fb01\" data-id=\"6687fb01\" data-element_type=\"column\">\n\t\t\t<div class=\"elementor-widget-wrap elementor-element-populated\">\n\t\t\t\t\t\t\t\t<div class=\"elementor-element elementor-element-2ca9b192 elementor-widget elementor-widget-text-editor\" data-id=\"2ca9b192\" data-element_type=\"widget\" data-widget_type=\"text-editor.default\">\n\t\t\t\t<div class=\"elementor-widget-container\">\n\t\t\t<style>\/*! elementor - v3.13.2 - 11-05-2023 *\/\n.elementor-widget-text-editor.elementor-drop-cap-view-stacked .elementor-drop-cap{background-color:#69727d;color:#fff}.elementor-widget-text-editor.elementor-drop-cap-view-framed .elementor-drop-cap{color:#69727d;border:3px solid;background-color:transparent}.elementor-widget-text-editor:not(.elementor-drop-cap-view-default) .elementor-drop-cap{margin-top:8px}.elementor-widget-text-editor:not(.elementor-drop-cap-view-default) .elementor-drop-cap-letter{width:1em;height:1em}.elementor-widget-text-editor .elementor-drop-cap{float:left;text-align:center;line-height:1;font-size:50px}.elementor-widget-text-editor .elementor-drop-cap-letter{display:inline-block}<\/style>\t\t\t\t<h3>Rubin to konik, kt\u00f3rego czerwony odcie\u0144 emanuje pasj\u0105 i \u017cywio\u0142owo\u015bci\u0105. Jego intensywna barwa jest r\u00f3wnie odwa\u017cna, co charakter samego konia. Dodaje ognia i energii do ka\u017cdego otoczenia, przyci\u0105gaj\u0105c uwag\u0119 i inspiruj\u0105c do dzia\u0142ania, podobnie jak osoba pe\u0142na pasji i zapa\u0142u.<\/h3>\t\t\t\t\t\t<\/div>\n\t\t\t\t<\/div>\n\t\t\t\t\t<\/div>\n\t\t<\/div>\n\t\t\t\t\t\t\t<\/div>\n\t\t<\/section>\n\t\t\t\t<section class=\"elementor-section elementor-top-section elementor-element elementor-element-78fcc1e7 elementor-section-full_width elementor-section-height-default elementor-section-height-default\" data-id=\"78fcc1e7\" data-element_type=\"section\">\n\t\t\t\t\t\t<div class=\"elementor-container elementor-column-gap-default\">\n\t\t\t\t\t<div class=\"elementor-column elementor-col-50 elementor-top-column elementor-element elementor-element-655b36ec\" data-id=\"655b36ec\" data-element_type=\"column\">\n\t\t\t<div class=\"elementor-widget-wrap elementor-element-populated\">\n\t\t\t\t\t\t\t\t<div class=\"elementor-element elementor-element-725f4401 elementor-widget elementor-widget-image\" data-id=\"725f4401\" data-element_type=\"widget\" data-widget_type=\"image.default\">\n\t\t\t\t<div class=\"elementor-widget-container\">\n\t\t\t<style>\/*! elementor - v3.13.2 - 11-05-2023 *\/\n.elementor-widget-image{text-align:center}.elementor-widget-image a{display:inline-block}.elementor-widget-image a img[src$=\".svg\"]{width:48px}.elementor-widget-image img{vertical-align:middle;display:inline-block}<\/style>\t\t\t\t\t\t\t\t\t\t\t\t<img loading=\"lazy\" decoding=\"async\" width=\"800\" height=\"534\" src=\"https:\/\/ponystar.pl\/wp-content\/uploads\/2023\/08\/sypialniaponystar4-3-1024x683.png\" class=\"attachment-large size-large wp-image-1288\" alt=\"\" srcset=\"https:\/\/ponystar.pl\/wp-content\/uploads\/2023\/08\/sypialniaponystar4-3-1024x683.png 1024w, https:\/\/ponystar.pl\/wp-content\/uploads\/2023\/08\/sypialniaponystar4-3-300x200.png 300w, https:\/\/ponystar.pl\/wp-content\/uploads\/2023\/08\/sypialniaponystar4-3-768x512.png 768w, https:\/\/ponystar.pl\/wp-content\/uploads\/2023\/08\/sypialniaponystar4-3-1536x1024.png 1536w, https:\/\/ponystar.pl\/wp-content\/uploads\/2023\/08\/sypialniaponystar4-3-600x400.png 600w, https:\/\/ponystar.pl\/wp-content\/uploads\/2023\/08\/sypialniaponystar4-3.png 2048w\" sizes=\"auto, (max-width: 800px) 100vw, 800px\" \/>\t\t\t\t\t\t\t\t\t\t\t\t\t\t\t<\/div>\n\t\t\t\t<\/div>\n\t\t\t\t\t<\/div>\n\t\t<\/div>\n\t\t\t\t<div class=\"elementor-column elementor-col-50 elementor-top-column elementor-element elementor-element-b42d7a2\" data-id=\"b42d7a2\" data-element_type=\"column\">\n\t\t\t<div class=\"elementor-widget-wrap elementor-element-populated\">\n\t\t\t\t\t\t\t\t<div class=\"elementor-element elementor-element-8b6ffe0 elementor-widget elementor-widget-image\" data-id=\"8b6ffe0\" data-element_type=\"widget\" data-widget_type=\"image.default\">\n\t\t\t\t<div class=\"elementor-widget-container\">\n\t\t\t\t\t\t\t\t\t\t\t\t\t\t\t<img loading=\"lazy\" decoding=\"async\" width=\"800\" height=\"450\" src=\"https:\/\/ponystar.pl\/wp-content\/uploads\/2023\/08\/DSC05700-PhotoRoom-2-1024x576.png\" class=\"attachment-large size-large wp-image-465\" alt=\"\" srcset=\"https:\/\/ponystar.pl\/wp-content\/uploads\/2023\/08\/DSC05700-PhotoRoom-2-1024x576.png 1024w, https:\/\/ponystar.pl\/wp-content\/uploads\/2023\/08\/DSC05700-PhotoRoom-2-300x169.png 300w, https:\/\/ponystar.pl\/wp-content\/uploads\/2023\/08\/DSC05700-PhotoRoom-2-768x432.png 768w, https:\/\/ponystar.pl\/wp-content\/uploads\/2023\/08\/DSC05700-PhotoRoom-2-1536x864.png 1536w, https:\/\/ponystar.pl\/wp-content\/uploads\/2023\/08\/DSC05700-PhotoRoom-2-600x338.png 600w, https:\/\/ponystar.pl\/wp-content\/uploads\/2023\/08\/DSC05700-PhotoRoom-2.png 2000w\" sizes=\"auto, (max-width: 800px) 100vw, 800px\" \/>\t\t\t\t\t\t\t\t\t\t\t\t\t\t\t<\/div>\n\t\t\t\t<\/div>\n\t\t\t\t\t<\/div>\n\t\t<\/div>\n\t\t\t\t\t\t\t<\/div>\n\t\t<\/section>\n\t\t\t\t\t\t\t<\/div>\n\t\t","protected":false},"excerpt":{"rendered":"<p>Rubin Rubin to konik, kt\u00f3rego czerwony odcie\u0144 emanuje pasj\u0105 i \u017cywio\u0142owo\u015bci\u0105. Jego intensywna barwa jest r\u00f3wnie odwa\u017cna, co charakter samego konia. Dodaje ognia i energii do ka\u017cdego otoczenia, przyci\u0105gaj\u0105c uwag\u0119 i inspiruj\u0105c do dzia\u0142ania, podobnie jak osoba pe\u0142na pasji i zapa\u0142u.<\/p>\n","protected":false},"author":1,"featured_media":0,"parent":0,"menu_order":0,"comment_status":"closed","ping_status":"closed","template":"","meta":{"footnotes":""},"class_list":["post-873","page","type-page","status-publish","hentry"],"_links":{"self":[{"href":"https:\/\/ponystar.pl\/index.php\/wp-json\/wp\/v2\/pages\/873","targetHints":{"allow":["GET"]}}],"collection":[{"href":"https:\/\/ponystar.pl\/index.php\/wp-json\/wp\/v2\/pages"}],"about":[{"href":"https:\/\/ponystar.pl\/index.php\/wp-json\/wp\/v2\/types\/page"}],"author":[{"embeddable":true,"href":"https:\/\/ponystar.pl\/index.php\/wp-json\/wp\/v2\/users\/1"}],"replies":[{"embeddable":true,"href":"https:\/\/ponystar.pl\/index.php\/wp-json\/wp\/v2\/comments?post=873"}],"version-history":[{"count":19,"href":"https:\/\/ponystar.pl\/index.php\/wp-json\/wp\/v2\/pages\/873\/revisions"}],"predecessor-version":[{"id":1497,"href":"https:\/\/ponystar.pl\/index.php\/wp-json\/wp\/v2\/pages\/873\/revisions\/1497"}],"wp:attachment":[{"href":"https:\/\/ponystar.pl\/index.php\/wp-json\/wp\/v2\/media?parent=873"}],"curies":[{"name":"wp","href":"https:\/\/api.w.org\/{rel}","templated":true}]}}