{"id":402,"date":"2023-08-08T11:43:47","date_gmt":"2023-08-08T11:43:47","guid":{"rendered":"https:\/\/ponystar.pl\/?page_id=402"},"modified":"2023-08-28T12:50:05","modified_gmt":"2023-08-28T12:50:05","slug":"pony1","status":"publish","type":"page","link":"https:\/\/ponystar.pl\/index.php\/pony1\/","title":{"rendered":"pony1"},"content":{"rendered":"\t\t<div data-elementor-type=\"wp-page\" data-elementor-id=\"402\" class=\"elementor elementor-402\">\n\t\t\t\t\t\t\t\t\t<section class=\"elementor-section elementor-top-section elementor-element elementor-element-49fdcecf elementor-section-height-min-height elementor-section-boxed elementor-section-height-default elementor-section-items-middle\" data-id=\"49fdcecf\" data-element_type=\"section\" data-settings=\"{&quot;background_background&quot;:&quot;classic&quot;}\">\n\t\t\t\t\t\t<div class=\"elementor-container elementor-column-gap-default\">\n\t\t\t\t\t<div class=\"elementor-column elementor-col-100 elementor-top-column elementor-element elementor-element-b4db8ca\" data-id=\"b4db8ca\" data-element_type=\"column\">\n\t\t\t<div class=\"elementor-widget-wrap elementor-element-populated\">\n\t\t\t\t\t\t\t\t<div class=\"elementor-element elementor-element-c658dcf elementor-widget elementor-widget-heading\" data-id=\"c658dcf\" data-element_type=\"widget\" data-widget_type=\"heading.default\">\n\t\t\t\t<div class=\"elementor-widget-container\">\n\t\t\t<style>\/*! elementor - v3.13.2 - 11-05-2023 *\/\n.elementor-heading-title{padding:0;margin:0;line-height:1}.elementor-widget-heading .elementor-heading-title[class*=elementor-size-]>a{color:inherit;font-size:inherit;line-height:inherit}.elementor-widget-heading .elementor-heading-title.elementor-size-small{font-size:15px}.elementor-widget-heading .elementor-heading-title.elementor-size-medium{font-size:19px}.elementor-widget-heading .elementor-heading-title.elementor-size-large{font-size:29px}.elementor-widget-heading .elementor-heading-title.elementor-size-xl{font-size:39px}.elementor-widget-heading .elementor-heading-title.elementor-size-xxl{font-size:59px}<\/style><h2 class=\"elementor-heading-title elementor-size-default\">Aurora<\/h2>\t\t<\/div>\n\t\t\t\t<\/div>\n\t\t\t\t\t<\/div>\n\t\t<\/div>\n\t\t\t\t\t\t\t<\/div>\n\t\t<\/section>\n\t\t\t\t<section class=\"elementor-section elementor-top-section elementor-element elementor-element-76d967d5 elementor-section-content-middle elementor-section-boxed elementor-section-height-default elementor-section-height-default\" data-id=\"76d967d5\" data-element_type=\"section\">\n\t\t\t\t\t\t<div class=\"elementor-container elementor-column-gap-default\">\n\t\t\t\t\t<div class=\"elementor-column elementor-col-100 elementor-top-column elementor-element elementor-element-6687fb01\" data-id=\"6687fb01\" data-element_type=\"column\">\n\t\t\t<div class=\"elementor-widget-wrap elementor-element-populated\">\n\t\t\t\t\t\t\t\t<div class=\"elementor-element elementor-element-2ca9b192 elementor-widget elementor-widget-text-editor\" data-id=\"2ca9b192\" data-element_type=\"widget\" data-widget_type=\"text-editor.default\">\n\t\t\t\t<div class=\"elementor-widget-container\">\n\t\t\t<style>\/*! elementor - v3.13.2 - 11-05-2023 *\/\n.elementor-widget-text-editor.elementor-drop-cap-view-stacked .elementor-drop-cap{background-color:#69727d;color:#fff}.elementor-widget-text-editor.elementor-drop-cap-view-framed .elementor-drop-cap{color:#69727d;border:3px solid;background-color:transparent}.elementor-widget-text-editor:not(.elementor-drop-cap-view-default) .elementor-drop-cap{margin-top:8px}.elementor-widget-text-editor:not(.elementor-drop-cap-view-default) .elementor-drop-cap-letter{width:1em;height:1em}.elementor-widget-text-editor .elementor-drop-cap{float:left;text-align:center;line-height:1;font-size:50px}.elementor-widget-text-editor .elementor-drop-cap-letter{display:inline-block}<\/style>\t\t\t\t<h3>Poznaj Auror\u0119 &#8211; naszego Konika, kt\u00f3ry jest jak promyk \u015bwiat\u0142a o r\u00f3\u017cowo-fioletowym odcieniu. Jej uroda i elegancja sprawi\u0105, \u017ce stanie si\u0119 nieod\u0142\u0105czn\u0105 cz\u0119\u015bci\u0105 Twojego \u015bwiata, pe\u0142nego przyg\u00f3d i marze\u0144. Aurora jest pe\u0142na wdzi\u0119ku, wprowadza do otoczenia pozytywn\u0105 aur\u0119, lekko\u015b\u0107 i delikatno\u015b\u0107, jest niezwykle empatyczna i wyrozumia\u0142a dla innych.<\/h3>\t\t\t\t\t\t<\/div>\n\t\t\t\t<\/div>\n\t\t\t\t\t<\/div>\n\t\t<\/div>\n\t\t\t\t\t\t\t<\/div>\n\t\t<\/section>\n\t\t\t\t<section class=\"elementor-section elementor-top-section elementor-element elementor-element-78fcc1e7 elementor-section-full_width elementor-section-height-default elementor-section-height-default\" data-id=\"78fcc1e7\" data-element_type=\"section\">\n\t\t\t\t\t\t<div class=\"elementor-container elementor-column-gap-default\">\n\t\t\t\t\t<div class=\"elementor-column elementor-col-50 elementor-top-column elementor-element elementor-element-655b36ec\" data-id=\"655b36ec\" data-element_type=\"column\">\n\t\t\t<div class=\"elementor-widget-wrap elementor-element-populated\">\n\t\t\t\t\t\t\t\t<div class=\"elementor-element elementor-element-725f4401 elementor-widget elementor-widget-image\" data-id=\"725f4401\" data-element_type=\"widget\" data-widget_type=\"image.default\">\n\t\t\t\t<div class=\"elementor-widget-container\">\n\t\t\t<style>\/*! elementor - v3.13.2 - 11-05-2023 *\/\n.elementor-widget-image{text-align:center}.elementor-widget-image a{display:inline-block}.elementor-widget-image a img[src$=\".svg\"]{width:48px}.elementor-widget-image img{vertical-align:middle;display:inline-block}<\/style>\t\t\t\t\t\t\t\t\t\t\t\t<img loading=\"lazy\" decoding=\"async\" width=\"800\" height=\"640\" src=\"https:\/\/ponystar.pl\/wp-content\/uploads\/2023\/08\/1-PhotoRoom-1-1024x819.png\" class=\"attachment-large size-large wp-image-1224\" alt=\"\" srcset=\"https:\/\/ponystar.pl\/wp-content\/uploads\/2023\/08\/1-PhotoRoom-1-1024x819.png 1024w, https:\/\/ponystar.pl\/wp-content\/uploads\/2023\/08\/1-PhotoRoom-1-300x240.png 300w, https:\/\/ponystar.pl\/wp-content\/uploads\/2023\/08\/1-PhotoRoom-1-768x614.png 768w, https:\/\/ponystar.pl\/wp-content\/uploads\/2023\/08\/1-PhotoRoom-1-1536x1229.png 1536w, https:\/\/ponystar.pl\/wp-content\/uploads\/2023\/08\/1-PhotoRoom-1-600x480.png 600w, https:\/\/ponystar.pl\/wp-content\/uploads\/2023\/08\/1-PhotoRoom-1.png 2000w\" sizes=\"auto, (max-width: 800px) 100vw, 800px\" \/>\t\t\t\t\t\t\t\t\t\t\t\t\t\t\t<\/div>\n\t\t\t\t<\/div>\n\t\t\t\t\t<\/div>\n\t\t<\/div>\n\t\t\t\t<div class=\"elementor-column elementor-col-50 elementor-top-column elementor-element elementor-element-2f1addc\" data-id=\"2f1addc\" data-element_type=\"column\">\n\t\t\t<div class=\"elementor-widget-wrap elementor-element-populated\">\n\t\t\t\t\t\t\t\t<div class=\"elementor-element elementor-element-7097d5b elementor-widget elementor-widget-image\" data-id=\"7097d5b\" data-element_type=\"widget\" data-widget_type=\"image.default\">\n\t\t\t\t<div class=\"elementor-widget-container\">\n\t\t\t\t\t\t\t\t\t\t\t\t\t\t\t<img loading=\"lazy\" decoding=\"async\" width=\"800\" height=\"388\" src=\"https:\/\/ponystar.pl\/wp-content\/uploads\/2023\/08\/18-1024x496.png\" class=\"attachment-large size-large wp-image-348\" alt=\"\" srcset=\"https:\/\/ponystar.pl\/wp-content\/uploads\/2023\/08\/18-1024x496.png 1024w, https:\/\/ponystar.pl\/wp-content\/uploads\/2023\/08\/18-300x145.png 300w, https:\/\/ponystar.pl\/wp-content\/uploads\/2023\/08\/18-768x372.png 768w, https:\/\/ponystar.pl\/wp-content\/uploads\/2023\/08\/18-1536x744.png 1536w, https:\/\/ponystar.pl\/wp-content\/uploads\/2023\/08\/18-600x291.png 600w, https:\/\/ponystar.pl\/wp-content\/uploads\/2023\/08\/18.png 2000w\" sizes=\"auto, (max-width: 800px) 100vw, 800px\" \/>\t\t\t\t\t\t\t\t\t\t\t\t\t\t\t<\/div>\n\t\t\t\t<\/div>\n\t\t\t\t\t<\/div>\n\t\t<\/div>\n\t\t\t\t\t\t\t<\/div>\n\t\t<\/section>\n\t\t\t\t\t\t\t<\/div>\n\t\t","protected":false},"excerpt":{"rendered":"<p>Aurora Poznaj Auror\u0119 &#8211; naszego Konika, kt\u00f3ry jest jak promyk \u015bwiat\u0142a o r\u00f3\u017cowo-fioletowym odcieniu. Jej uroda i elegancja sprawi\u0105, \u017ce stanie si\u0119 nieod\u0142\u0105czn\u0105 cz\u0119\u015bci\u0105 Twojego \u015bwiata, pe\u0142nego przyg\u00f3d i marze\u0144. Aurora jest pe\u0142na wdzi\u0119ku, wprowadza do otoczenia pozytywn\u0105 aur\u0119, lekko\u015b\u0107 i delikatno\u015b\u0107, jest niezwykle empatyczna i wyrozumia\u0142a dla innych.<\/p>\n","protected":false},"author":1,"featured_media":0,"parent":0,"menu_order":0,"comment_status":"closed","ping_status":"closed","template":"","meta":{"footnotes":""},"class_list":["post-402","page","type-page","status-publish","hentry"],"_links":{"self":[{"href":"https:\/\/ponystar.pl\/index.php\/wp-json\/wp\/v2\/pages\/402","targetHints":{"allow":["GET"]}}],"collection":[{"href":"https:\/\/ponystar.pl\/index.php\/wp-json\/wp\/v2\/pages"}],"about":[{"href":"https:\/\/ponystar.pl\/index.php\/wp-json\/wp\/v2\/types\/page"}],"author":[{"embeddable":true,"href":"https:\/\/ponystar.pl\/index.php\/wp-json\/wp\/v2\/users\/1"}],"replies":[{"embeddable":true,"href":"https:\/\/ponystar.pl\/index.php\/wp-json\/wp\/v2\/comments?post=402"}],"version-history":[{"count":40,"href":"https:\/\/ponystar.pl\/index.php\/wp-json\/wp\/v2\/pages\/402\/revisions"}],"predecessor-version":[{"id":1479,"href":"https:\/\/ponystar.pl\/index.php\/wp-json\/wp\/v2\/pages\/402\/revisions\/1479"}],"wp:attachment":[{"href":"https:\/\/ponystar.pl\/index.php\/wp-json\/wp\/v2\/media?parent=402"}],"curies":[{"name":"wp","href":"https:\/\/api.w.org\/{rel}","templated":true}]}}