{"id":1305,"date":"2023-08-25T13:08:40","date_gmt":"2023-08-25T13:08:40","guid":{"rendered":"https:\/\/ponystar.pl\/?page_id=1305"},"modified":"2023-08-28T13:15:55","modified_gmt":"2023-08-28T13:15:55","slug":"pony7","status":"publish","type":"page","link":"https:\/\/ponystar.pl\/index.php\/pony7\/","title":{"rendered":"pony7"},"content":{"rendered":"\t\t<div data-elementor-type=\"wp-page\" data-elementor-id=\"1305\" class=\"elementor elementor-1305\">\n\t\t\t\t\t\t\t\t\t<section class=\"elementor-section elementor-top-section elementor-element elementor-element-49fdcecf elementor-section-height-min-height elementor-section-boxed elementor-section-height-default elementor-section-items-middle\" data-id=\"49fdcecf\" data-element_type=\"section\" data-settings=\"{&quot;background_background&quot;:&quot;slideshow&quot;,&quot;background_slideshow_gallery&quot;:[{&quot;id&quot;:1093,&quot;url&quot;:&quot;https:\\\/\\\/ponystar.pl\\\/wp-content\\\/uploads\\\/2023\\\/08\\\/wystajace-glowy-pony-star-2000\\u00d71500-px-1.png&quot;},{&quot;id&quot;:1051,&quot;url&quot;:&quot;https:\\\/\\\/ponystar.pl\\\/wp-content\\\/uploads\\\/2023\\\/08\\\/6-3.png&quot;}],&quot;background_slideshow_slide_duration&quot;:500,&quot;background_slideshow_transition_duration&quot;:1000,&quot;background_slideshow_loop&quot;:&quot;yes&quot;,&quot;background_slideshow_slide_transition&quot;:&quot;fade&quot;}\">\n\t\t\t\t\t\t<div class=\"elementor-container elementor-column-gap-default\">\n\t\t\t\t\t<div class=\"elementor-column elementor-col-100 elementor-top-column elementor-element elementor-element-b4db8ca\" data-id=\"b4db8ca\" data-element_type=\"column\">\n\t\t\t<div class=\"elementor-widget-wrap elementor-element-populated\">\n\t\t\t\t\t\t\t\t<div class=\"elementor-element elementor-element-c658dcf elementor-widget elementor-widget-heading\" data-id=\"c658dcf\" data-element_type=\"widget\" data-widget_type=\"heading.default\">\n\t\t\t\t<div class=\"elementor-widget-container\">\n\t\t\t<style>\/*! elementor - v3.13.2 - 11-05-2023 *\/\n.elementor-heading-title{padding:0;margin:0;line-height:1}.elementor-widget-heading .elementor-heading-title[class*=elementor-size-]>a{color:inherit;font-size:inherit;line-height:inherit}.elementor-widget-heading .elementor-heading-title.elementor-size-small{font-size:15px}.elementor-widget-heading .elementor-heading-title.elementor-size-medium{font-size:19px}.elementor-widget-heading .elementor-heading-title.elementor-size-large{font-size:29px}.elementor-widget-heading .elementor-heading-title.elementor-size-xl{font-size:39px}.elementor-widget-heading .elementor-heading-title.elementor-size-xxl{font-size:59px}<\/style><h2 class=\"elementor-heading-title elementor-size-default\"><br><br><br>The Pony Star <br>lampka nocna<\/h2>\t\t<\/div>\n\t\t\t\t<\/div>\n\t\t\t\t\t<\/div>\n\t\t<\/div>\n\t\t\t\t\t\t\t<\/div>\n\t\t<\/section>\n\t\t\t\t<section class=\"elementor-section elementor-top-section elementor-element elementor-element-76d967d5 elementor-section-content-middle elementor-section-boxed elementor-section-height-default elementor-section-height-default\" data-id=\"76d967d5\" data-element_type=\"section\">\n\t\t\t\t\t\t<div class=\"elementor-container elementor-column-gap-default\">\n\t\t\t\t\t<div class=\"elementor-column elementor-col-100 elementor-top-column elementor-element elementor-element-6687fb01\" data-id=\"6687fb01\" data-element_type=\"column\">\n\t\t\t<div class=\"elementor-widget-wrap elementor-element-populated\">\n\t\t\t\t\t\t\t\t<div class=\"elementor-element elementor-element-2ca9b192 elementor-widget elementor-widget-text-editor\" data-id=\"2ca9b192\" data-element_type=\"widget\" data-widget_type=\"text-editor.default\">\n\t\t\t\t<div class=\"elementor-widget-container\">\n\t\t\t<style>\/*! elementor - v3.13.2 - 11-05-2023 *\/\n.elementor-widget-text-editor.elementor-drop-cap-view-stacked .elementor-drop-cap{background-color:#69727d;color:#fff}.elementor-widget-text-editor.elementor-drop-cap-view-framed .elementor-drop-cap{color:#69727d;border:3px solid;background-color:transparent}.elementor-widget-text-editor:not(.elementor-drop-cap-view-default) .elementor-drop-cap{margin-top:8px}.elementor-widget-text-editor:not(.elementor-drop-cap-view-default) .elementor-drop-cap-letter{width:1em;height:1em}.elementor-widget-text-editor .elementor-drop-cap{float:left;text-align:center;line-height:1;font-size:50px}.elementor-widget-text-editor .elementor-drop-cap-letter{display:inline-block}<\/style>\t\t\t\t<p>\ud83c\udf1f\ud83d\udc0e The Pony Star &#8211; lampka nocna, kt\u00f3ra przenosi Ci\u0119 w magiczny \u015bwiat sn\u00f3w! \ud83c\udf19\u2728 Ta urocza lampka, pomimo swojego minimalistycznego bia\u0142ego wygl\u0105du, ma w sobie ca\u0142\u0105 palet\u0119 kolor\u00f3w. \u015awieci w r\u00f3\u017cnych odcieniach dzi\u0119ki zaawansowanemu systemowi RGB, tworz\u0105c niesamowity efekt \u015bwietlny.<\/p><p>\ud83c\udf08\ud83c\udf0c Niech Tw\u00f3j pok\u00f3j zal\u015bni magicznym \u015bwiat\u0142em, kt\u00f3re mo\u017cesz dostosowa\u0107 wed\u0142ug nastroju dzi\u0119ki r\u00f3\u017cnym trybom \u015bwietlnym. The Pony Star sprawi, \u017ce Tw\u00f3j pok\u00f3j stanie si\u0119 prawdziw\u0105 oaz\u0105 relaksu i uroku. \ud83c\udfa8\ud83c\udf20 W\u0142\u0105cz swoj\u0105 wyobra\u017ani\u0119, eksperymentuj z kolorami i stw\u00f3rz niepowtarzalny nastr\u00f3j. To nie tylko lampka nocna, to Twoje magiczne \u017ar\u00f3d\u0142o \u015bwiat\u0142a w ka\u017cdej chwili. Zdob\u0105d\u017a The Pony Star i zanurz si\u0119 w \u015bwiat kolor\u00f3w i fantazji! \ud83c\udf1f\ud83c\udf1c<\/p><p>Konik w zestawie posiada zasilacz oraz wygodny pilot do zmiany kolor\u00f3w \u015bwiat\u0142a i tryb\u00f3w \u015bwietlnych.<\/p>\t\t\t\t\t\t<\/div>\n\t\t\t\t<\/div>\n\t\t\t\t\t<\/div>\n\t\t<\/div>\n\t\t\t\t\t\t\t<\/div>\n\t\t<\/section>\n\t\t\t\t<section class=\"elementor-section elementor-top-section elementor-element elementor-element-78fcc1e7 elementor-section-full_width elementor-reverse-tablet elementor-reverse-mobile elementor-section-height-default elementor-section-height-default\" data-id=\"78fcc1e7\" data-element_type=\"section\">\n\t\t\t\t\t\t<div class=\"elementor-container elementor-column-gap-default\">\n\t\t\t\t\t<div class=\"elementor-column elementor-col-50 elementor-top-column elementor-element elementor-element-655b36ec\" data-id=\"655b36ec\" data-element_type=\"column\">\n\t\t\t<div class=\"elementor-widget-wrap elementor-element-populated\">\n\t\t\t\t\t\t\t\t<div class=\"elementor-element elementor-element-725f4401 elementor-widget elementor-widget-image\" data-id=\"725f4401\" data-element_type=\"widget\" data-widget_type=\"image.default\">\n\t\t\t\t<div class=\"elementor-widget-container\">\n\t\t\t<style>\/*! elementor - v3.13.2 - 11-05-2023 *\/\n.elementor-widget-image{text-align:center}.elementor-widget-image a{display:inline-block}.elementor-widget-image a img[src$=\".svg\"]{width:48px}.elementor-widget-image img{vertical-align:middle;display:inline-block}<\/style>\t\t\t\t\t\t\t\t\t\t\t\t<img loading=\"lazy\" decoding=\"async\" width=\"800\" height=\"450\" src=\"https:\/\/ponystar.pl\/wp-content\/uploads\/2023\/08\/DSC5684-PhotoRoom-1-1024x576.png\" class=\"attachment-large size-large wp-image-1106\" alt=\"\" srcset=\"https:\/\/ponystar.pl\/wp-content\/uploads\/2023\/08\/DSC5684-PhotoRoom-1-1024x576.png 1024w, https:\/\/ponystar.pl\/wp-content\/uploads\/2023\/08\/DSC5684-PhotoRoom-1-300x169.png 300w, https:\/\/ponystar.pl\/wp-content\/uploads\/2023\/08\/DSC5684-PhotoRoom-1-768x432.png 768w, https:\/\/ponystar.pl\/wp-content\/uploads\/2023\/08\/DSC5684-PhotoRoom-1-600x338.png 600w, https:\/\/ponystar.pl\/wp-content\/uploads\/2023\/08\/DSC5684-PhotoRoom-1.png 1280w\" sizes=\"auto, (max-width: 800px) 100vw, 800px\" \/>\t\t\t\t\t\t\t\t\t\t\t\t\t\t\t<\/div>\n\t\t\t\t<\/div>\n\t\t\t\t\t<\/div>\n\t\t<\/div>\n\t\t\t\t<div class=\"elementor-column elementor-col-50 elementor-top-column elementor-element elementor-element-b42d7a2\" data-id=\"b42d7a2\" data-element_type=\"column\" data-settings=\"{&quot;background_background&quot;:&quot;slideshow&quot;,&quot;background_slideshow_gallery&quot;:[{&quot;id&quot;:1367,&quot;url&quot;:&quot;https:\\\/\\\/ponystar.pl\\\/wp-content\\\/uploads\\\/2023\\\/08\\\/lapkaponystarswieci-7.png&quot;},{&quot;id&quot;:1366,&quot;url&quot;:&quot;https:\\\/\\\/ponystar.pl\\\/wp-content\\\/uploads\\\/2023\\\/08\\\/lapkaponystarswieci-6.png&quot;},{&quot;id&quot;:1365,&quot;url&quot;:&quot;https:\\\/\\\/ponystar.pl\\\/wp-content\\\/uploads\\\/2023\\\/08\\\/lapkaponystarswieci-5.png&quot;},{&quot;id&quot;:1364,&quot;url&quot;:&quot;https:\\\/\\\/ponystar.pl\\\/wp-content\\\/uploads\\\/2023\\\/08\\\/lapkaponystarswieci-4.png&quot;},{&quot;id&quot;:1363,&quot;url&quot;:&quot;https:\\\/\\\/ponystar.pl\\\/wp-content\\\/uploads\\\/2023\\\/08\\\/lapkaponystarswieci-3.png&quot;},{&quot;id&quot;:1362,&quot;url&quot;:&quot;https:\\\/\\\/ponystar.pl\\\/wp-content\\\/uploads\\\/2023\\\/08\\\/lapkaponystarswieci-2.png&quot;},{&quot;id&quot;:1361,&quot;url&quot;:&quot;https:\\\/\\\/ponystar.pl\\\/wp-content\\\/uploads\\\/2023\\\/08\\\/lapkaponystarswieci-1.png&quot;}],&quot;background_slideshow_slide_duration&quot;:498,&quot;background_slideshow_loop&quot;:&quot;yes&quot;,&quot;background_slideshow_slide_transition&quot;:&quot;fade&quot;,&quot;background_slideshow_transition_duration&quot;:500}\">\n\t\t\t<div class=\"elementor-widget-wrap elementor-element-populated\">\n\t\t\t\t\t\t\t\t<div class=\"elementor-element elementor-element-ef4b072 elementor-widget elementor-widget-spacer\" data-id=\"ef4b072\" data-element_type=\"widget\" data-widget_type=\"spacer.default\">\n\t\t\t\t<div class=\"elementor-widget-container\">\n\t\t\t<style>\/*! elementor - v3.13.2 - 11-05-2023 *\/\n.elementor-column .elementor-spacer-inner{height:var(--spacer-size)}.e-con{--container-widget-width:100%}.e-con-inner>.elementor-widget-spacer,.e-con>.elementor-widget-spacer{width:var(--container-widget-width,var(--spacer-size));--align-self:var(--container-widget-align-self,initial);--flex-shrink:0}.e-con-inner>.elementor-widget-spacer>.elementor-widget-container,.e-con-inner>.elementor-widget-spacer>.elementor-widget-container>.elementor-spacer,.e-con>.elementor-widget-spacer>.elementor-widget-container,.e-con>.elementor-widget-spacer>.elementor-widget-container>.elementor-spacer{height:100%}.e-con-inner>.elementor-widget-spacer>.elementor-widget-container>.elementor-spacer>.elementor-spacer-inner,.e-con>.elementor-widget-spacer>.elementor-widget-container>.elementor-spacer>.elementor-spacer-inner{height:var(--container-widget-height,var(--spacer-size))}<\/style>\t\t<div class=\"elementor-spacer\">\n\t\t\t<div class=\"elementor-spacer-inner\"><\/div>\n\t\t<\/div>\n\t\t\t\t<\/div>\n\t\t\t\t<\/div>\n\t\t\t\t<div class=\"elementor-element elementor-element-8d35ba7 elementor-widget elementor-widget-spacer\" data-id=\"8d35ba7\" data-element_type=\"widget\" data-widget_type=\"spacer.default\">\n\t\t\t\t<div class=\"elementor-widget-container\">\n\t\t\t\t\t<div class=\"elementor-spacer\">\n\t\t\t<div class=\"elementor-spacer-inner\"><\/div>\n\t\t<\/div>\n\t\t\t\t<\/div>\n\t\t\t\t<\/div>\n\t\t\t\t<div class=\"elementor-element elementor-element-ff5d5c7 elementor-widget elementor-widget-spacer\" data-id=\"ff5d5c7\" data-element_type=\"widget\" data-widget_type=\"spacer.default\">\n\t\t\t\t<div class=\"elementor-widget-container\">\n\t\t\t\t\t<div class=\"elementor-spacer\">\n\t\t\t<div class=\"elementor-spacer-inner\"><\/div>\n\t\t<\/div>\n\t\t\t\t<\/div>\n\t\t\t\t<\/div>\n\t\t\t\t<div class=\"elementor-element elementor-element-1c97031 elementor-widget elementor-widget-spacer\" data-id=\"1c97031\" data-element_type=\"widget\" data-widget_type=\"spacer.default\">\n\t\t\t\t<div class=\"elementor-widget-container\">\n\t\t\t\t\t<div class=\"elementor-spacer\">\n\t\t\t<div class=\"elementor-spacer-inner\"><\/div>\n\t\t<\/div>\n\t\t\t\t<\/div>\n\t\t\t\t<\/div>\n\t\t\t\t<div class=\"elementor-element elementor-element-9664ec7 elementor-widget elementor-widget-spacer\" data-id=\"9664ec7\" data-element_type=\"widget\" data-widget_type=\"spacer.default\">\n\t\t\t\t<div class=\"elementor-widget-container\">\n\t\t\t\t\t<div class=\"elementor-spacer\">\n\t\t\t<div class=\"elementor-spacer-inner\"><\/div>\n\t\t<\/div>\n\t\t\t\t<\/div>\n\t\t\t\t<\/div>\n\t\t\t\t<div class=\"elementor-element elementor-element-80abe79 elementor-widget elementor-widget-spacer\" data-id=\"80abe79\" data-element_type=\"widget\" data-widget_type=\"spacer.default\">\n\t\t\t\t<div class=\"elementor-widget-container\">\n\t\t\t\t\t<div class=\"elementor-spacer\">\n\t\t\t<div class=\"elementor-spacer-inner\"><\/div>\n\t\t<\/div>\n\t\t\t\t<\/div>\n\t\t\t\t<\/div>\n\t\t\t\t\t<\/div>\n\t\t<\/div>\n\t\t\t\t\t\t\t<\/div>\n\t\t<\/section>\n\t\t\t\t\t\t\t<\/div>\n\t\t","protected":false},"excerpt":{"rendered":"<p>The Pony Star lampka nocna \ud83c\udf1f\ud83d\udc0e The Pony Star &#8211; lampka nocna, kt\u00f3ra przenosi Ci\u0119 w magiczny \u015bwiat sn\u00f3w! \ud83c\udf19\u2728 Ta urocza lampka, pomimo swojego minimalistycznego bia\u0142ego wygl\u0105du, ma w sobie ca\u0142\u0105 palet\u0119 kolor\u00f3w. \u015awieci w r\u00f3\u017cnych odcieniach dzi\u0119ki zaawansowanemu systemowi RGB, tworz\u0105c niesamowity efekt \u015bwietlny. \ud83c\udf08\ud83c\udf0c Niech Tw\u00f3j pok\u00f3j zal\u015bni magicznym \u015bwiat\u0142em, kt\u00f3re mo\u017cesz [&hellip;]<\/p>\n","protected":false},"author":1,"featured_media":0,"parent":0,"menu_order":0,"comment_status":"closed","ping_status":"closed","template":"","meta":{"footnotes":""},"class_list":["post-1305","page","type-page","status-publish","hentry"],"_links":{"self":[{"href":"https:\/\/ponystar.pl\/index.php\/wp-json\/wp\/v2\/pages\/1305","targetHints":{"allow":["GET"]}}],"collection":[{"href":"https:\/\/ponystar.pl\/index.php\/wp-json\/wp\/v2\/pages"}],"about":[{"href":"https:\/\/ponystar.pl\/index.php\/wp-json\/wp\/v2\/types\/page"}],"author":[{"embeddable":true,"href":"https:\/\/ponystar.pl\/index.php\/wp-json\/wp\/v2\/users\/1"}],"replies":[{"embeddable":true,"href":"https:\/\/ponystar.pl\/index.php\/wp-json\/wp\/v2\/comments?post=1305"}],"version-history":[{"count":28,"href":"https:\/\/ponystar.pl\/index.php\/wp-json\/wp\/v2\/pages\/1305\/revisions"}],"predecessor-version":[{"id":1515,"href":"https:\/\/ponystar.pl\/index.php\/wp-json\/wp\/v2\/pages\/1305\/revisions\/1515"}],"wp:attachment":[{"href":"https:\/\/ponystar.pl\/index.php\/wp-json\/wp\/v2\/media?parent=1305"}],"curies":[{"name":"wp","href":"https:\/\/api.w.org\/{rel}","templated":true}]}}